{"id":5130,"date":"2025-07-06T22:21:35","date_gmt":"2025-07-06T20:21:35","guid":{"rendered":"https:\/\/bm-fotos.de\/?page_id=5130"},"modified":"2025-07-06T22:21:35","modified_gmt":"2025-07-06T20:21:35","slug":"rezension-zum-buch-wut-und-liebe-von-martin-suter","status":"publish","type":"page","link":"https:\/\/bm-fotos.de\/?page_id=5130","title":{"rendered":"Rezension zum Buch &#8222;Wut und Liebe&#8220; von Martin Suter"},"content":{"rendered":"<div class=\"wp-block-image\">\n<figure class=\"aligncenter size-large is-resized\"><img loading=\"lazy\" decoding=\"async\" width=\"637\" height=\"1024\" src=\"https:\/\/bm-fotos.de\/wp-content\/uploads\/2025\/07\/WutLiebe1000063293-637x1024.jpg\" alt=\"Bild zum E-Book &quot;Wut und Liebe&quot; von Martin Suter\" class=\"wp-image-5131\" style=\"width:286px;height:auto\" srcset=\"https:\/\/bm-fotos.de\/wp-content\/uploads\/2025\/07\/WutLiebe1000063293-637x1024.jpg 637w, https:\/\/bm-fotos.de\/wp-content\/uploads\/2025\/07\/WutLiebe1000063293-280x450.jpg 280w, https:\/\/bm-fotos.de\/wp-content\/uploads\/2025\/07\/WutLiebe1000063293-768x1234.jpg 768w, https:\/\/bm-fotos.de\/wp-content\/uploads\/2025\/07\/WutLiebe1000063293-956x1536.jpg 956w, https:\/\/bm-fotos.de\/wp-content\/uploads\/2025\/07\/WutLiebe1000063293.jpg 1080w\" sizes=\"auto, (max-width: 637px) 100vw, 637px\" \/><\/figure>\n<\/div>\n\n<p><strong>Ein bisschen Spannung und ganz viel Tiefgang &#8211; Absolute Leseempfehlung<\/strong><\/p>\n<p>\u201eEs ist nichts so, wie es auf den ersten Blick zu sein scheint.\u201c<\/p>\n<p>Vor Jahren habe ich dieses Zitat entdeckt und seither ist es mein st\u00e4ndiger Begleiter. Es war auch das erste, was mir nach Beendigung des Buches \u201eWut und Liebe\u201c von Martin Suter in den Sinn kam. Ich war gleicherma\u00dfen ergriffen, \u00fcberrascht, fasziniert und auch ein bisschen betroffen.<\/p>\n<p>Martin Suter erz\u00e4hlt in seinem Roman die Geschichte von Noah, dessen gro\u00dfe Liebe Camilla ihn pl\u00f6tzlich und v\u00f6llig unerwartet verl\u00e4sst Als er seinen Kummer in einer Bar ertr\u00e4nkt, begegnet ihm Betty, der das Schicksal ebenfalls \u00fcbel mitgespielt hat. Schnell werden beide zu Verb\u00fcndeten und Noah l\u00e4sst sich auf einen \u00e4u\u00dferst zweifelhaften Deal mit der Dame ein.<\/p>\n<p>\u201eWut und Liebe\u201c ist ein faszinierender Roman, der auf beeindruckende Weise die komplexen Gef\u00fchle und Konflikte unserer Zeit beleuchtet. Martin Suter schafft es als Auto auf spielerisch leichte Weise, eine spannende Geschichte zu erz\u00e4hlen, die tief in die Psyche der Figuren eintaucht und dabei gesellschaftliche Themen aufgreift.<\/p>\n<p>Das Buch besticht durch einen sehr fl\u00fcssigen Schreibstil und eine pr\u00e4zise Charakterzeichnung. S\u00e4mtliche Protagonisten sind vielschichtig und nachvollziehbar, sodass der Leser sich gewollt oder ungewollt mit ihren Emotionen auseinandersetzt. Suter verwebt dabei die Gegens\u00e4tze von \u201eWut und Liebe\u201c so miteinander, dass er ein vielschichtiges Bild der menschlichen Gef\u00fchle zeichnet.<\/p>\n<p>Als nachdenklicher und zugleich unterhaltsamer Roman regt er nicht nur zum Nachdenken an, sondern beschert dem Leser gleichzeitig auch spannende Lesestunden. Ich habe dieses Buch nicht nur verschlungen, sondern ich liebe es wirklich sehr und das Ende habe ich definitiv so nicht kommen sehen. \u201eEs ist eben nichts so, wie es auf den ersten Blick zu sein scheint.\u201c<\/p>\n<p>Dieses Buch ist ein absolutes Muss f\u00fcr alle, die sich f\u00fcr spannende und tiefgr\u00fcndige Geschichten interessieren.<\/p>\n<p>&nbsp;<\/p>\n<p style=\"text-align: right;\"><u>Serviceangaben<\/u><\/p>\n<p style=\"text-align: right;\">Autor: Martin Suter<\/p>\n<p style=\"text-align: right;\">Buchtitel: \u201eWut und Liebe\u201c (E-Book)<\/p>\n<p style=\"text-align: right;\">Genre: Roman<\/p>\n<p style=\"text-align: right;\">Erscheinungsjahr: 23.04.2025<\/p>\n<p style=\"text-align: right;\">Verlag: Diogenes Verlag AG<\/p>\n<p style=\"text-align: right;\">Seiten: 284<\/p>\n<p style=\"text-align: right;\">Preis: 22,90 \u20ac<\/p>","protected":false},"excerpt":{"rendered":"<p>Ein bisschen Spannung und ganz viel Tiefgang &#8211; Absolute Leseempfehlung \u201eEs ist nichts so, wie es auf den ersten Blick zu sein scheint.\u201c Vor Jahren habe ich dieses Zitat entdeckt und seither ist es mein st\u00e4ndiger Begleiter. Es war auch das erste, was mir nach Beendigung des Buches \u201eWut und Liebe\u201c von Martin Suter in &hellip; <a href=\"https:\/\/bm-fotos.de\/?page_id=5130\" class=\"more-link\"><span class=\"screen-reader-text\">Rezension zum Buch &#8222;Wut und Liebe&#8220; von Martin Suter<\/span> weiterlesen <span class=\"meta-nav\">&rarr;<\/span><\/a><\/p>\n","protected":false},"author":2,"featured_media":0,"parent":0,"menu_order":0,"comment_status":"closed","ping_status":"closed","template":"","meta":{"footnotes":""},"class_list":["post-5130","page","type-page","status-publish","hentry"],"_links":{"self":[{"href":"https:\/\/bm-fotos.de\/index.php?rest_route=\/wp\/v2\/pages\/5130","targetHints":{"allow":["GET"]}}],"collection":[{"href":"https:\/\/bm-fotos.de\/index.php?rest_route=\/wp\/v2\/pages"}],"about":[{"href":"https:\/\/bm-fotos.de\/index.php?rest_route=\/wp\/v2\/types\/page"}],"author":[{"embeddable":true,"href":"https:\/\/bm-fotos.de\/index.php?rest_route=\/wp\/v2\/users\/2"}],"replies":[{"embeddable":true,"href":"https:\/\/bm-fotos.de\/index.php?rest_route=%2Fwp%2Fv2%2Fcomments&post=5130"}],"version-history":[{"count":1,"href":"https:\/\/bm-fotos.de\/index.php?rest_route=\/wp\/v2\/pages\/5130\/revisions"}],"predecessor-version":[{"id":5137,"href":"https:\/\/bm-fotos.de\/index.php?rest_route=\/wp\/v2\/pages\/5130\/revisions\/5137"}],"wp:attachment":[{"href":"https:\/\/bm-fotos.de\/index.php?rest_route=%2Fwp%2Fv2%2Fmedia&parent=5130"}],"curies":[{"name":"wp","href":"https:\/\/api.w.org\/{rel}","templated":true}]}}