{"id":5043,"date":"2025-03-14T15:58:34","date_gmt":"2025-03-14T13:58:34","guid":{"rendered":"https:\/\/bm-fotos.de\/?page_id=5043"},"modified":"2025-05-02T23:08:53","modified_gmt":"2025-05-02T21:08:53","slug":"rezension-zum-4-pirlo-band-doppeltes-spiel-von-ingo-bott","status":"publish","type":"page","link":"https:\/\/bm-fotos.de\/?page_id=5043","title":{"rendered":"Rezension zum 4. Pirlo-Band            &#8222;Doppeltes Spiel&#8220; von Ingo Bott"},"content":{"rendered":"<div class=\"wp-block-image\">\n<figure class=\"aligncenter size-large is-resized\"><img loading=\"lazy\" decoding=\"async\" width=\"807\" height=\"1024\" src=\"https:\/\/bm-fotos.de\/wp-content\/uploads\/2025\/03\/Pirlo_1000055820-807x1024.jpg\" alt=\"\" class=\"wp-image-5056\" style=\"width:397px;height:auto\" srcset=\"https:\/\/bm-fotos.de\/wp-content\/uploads\/2025\/03\/Pirlo_1000055820-807x1024.jpg 807w, https:\/\/bm-fotos.de\/wp-content\/uploads\/2025\/03\/Pirlo_1000055820-355x450.jpg 355w, https:\/\/bm-fotos.de\/wp-content\/uploads\/2025\/03\/Pirlo_1000055820-768x974.jpg 768w, https:\/\/bm-fotos.de\/wp-content\/uploads\/2025\/03\/Pirlo_1000055820-1211x1536.jpg 1211w, https:\/\/bm-fotos.de\/wp-content\/uploads\/2025\/03\/Pirlo_1000055820-1614x2048.jpg 1614w, https:\/\/bm-fotos.de\/wp-content\/uploads\/2025\/03\/Pirlo_1000055820-scaled.jpg 2018w\" sizes=\"auto, (max-width: 807px) 100vw, 807px\" \/><\/figure>\n<\/div>\n\n<h1>Absolute Leseempfehlung<\/h1>\n<p>&#8222;Ich glaube, ich habe Bock auf Fu\u00dfball.&#8220;\u00a0 \u00a0 \u00a0 \u00a0 \u00a0<\/p>\n<p>Nach der Feststellung, dass die Kanzlei pleite ist, soll (oder eher muss) nun der Fu\u00dfball das gro\u00dfe Geld bringen. Gesagt, getan. Auf was sich Pirlo und Mahler jedoch tats\u00e4chlich einlassen, wird beiden allerdings erst bewusst, je tiefer sie in dieses Metier eintauchen und dabei so manche (zum Teil b\u00f6se) \u00dcberraschung erleben.\u00a0 \u00a0<\/p>\n<p>In seinem 4. Pirlo-Band &#8222;Doppeltes Spiel&#8220; begibt sich Ingo Bott in die Welt des Fu\u00dfballs, mit der er aufgrund seiner beratenden T\u00e4tigkeit von Vereinen, Verb\u00e4nden und Spielern bestens vertraut ist.\u00a0 \u00a0 \u00a0<\/p>\n<p>Sein gro\u00dfes Anliegen ist die Unterst\u00fctzung der Betroffenen und die Sensibilisierung f\u00fcr dieses so wichtige Thema.\u00a0<\/p>\n<p>Dieses Buch ist dabei so fl\u00fcssig, spannend und stellenweise humorvoll geschrieben, dass man es einfach nicht aus der Hand legen kann.\u00a0 \u00a0 \u00a0 \u00a0 \u00a0 \u00a0 \u00a0 \u00a0 \u00a0 \u00a0 \u00a0 \u00a0<\/p>\n<p>Es ist meiner Meinung nach das bisher beste Buch von Ingo Bott und damit absolut lesenswert.\u00a0 \u00a0 \u00a0 \u00a0 \u00a0 \u00a0 \u00a0 \u00a0<\/p>\n<p>Aufgrund seines tollen Schreibstils freue ich mich schon auf seine n\u00e4chsten Werke.\u00a0<\/p>\n<p>&nbsp;<\/p>\n<p style=\"text-align: right;\"><strong>Serviceangaben<\/strong><\/p>\n<p style=\"text-align: right;\">Autor: Ingo Bott<\/p>\n<p style=\"text-align: right;\">Verlag: Fischer Verlag GmbH \/ Scherz<\/p>\n<p style=\"text-align: right;\">Genre: Kriminalroman<\/p>\n<p style=\"text-align: right;\">Format: Paperback<\/p>\n<p style=\"text-align: right;\">Seitenanzahl: 464 Seiten<\/p>\n<p style=\"text-align: right;\">Preis: 18,00 \u20ac<\/p>\n<p style=\"text-align: right;\">Erscheinungsdatum: 12.03.2025<\/p>","protected":false},"excerpt":{"rendered":"<p>Absolute Leseempfehlung &#8222;Ich glaube, ich habe Bock auf Fu\u00dfball.&#8220;\u00a0 \u00a0 \u00a0 \u00a0 \u00a0 Nach der Feststellung, dass die Kanzlei pleite ist, soll (oder eher muss) nun der Fu\u00dfball das gro\u00dfe Geld bringen. Gesagt, getan. Auf was sich Pirlo und Mahler jedoch tats\u00e4chlich einlassen, wird beiden allerdings erst bewusst, je tiefer sie in dieses Metier eintauchen &hellip; <a href=\"https:\/\/bm-fotos.de\/?page_id=5043\" class=\"more-link\"><span class=\"screen-reader-text\">Rezension zum 4. Pirlo-Band            &#8222;Doppeltes Spiel&#8220; von Ingo Bott<\/span> weiterlesen <span class=\"meta-nav\">&rarr;<\/span><\/a><\/p>\n","protected":false},"author":2,"featured_media":0,"parent":0,"menu_order":0,"comment_status":"closed","ping_status":"closed","template":"","meta":{"footnotes":""},"class_list":["post-5043","page","type-page","status-publish","hentry"],"_links":{"self":[{"href":"https:\/\/bm-fotos.de\/index.php?rest_route=\/wp\/v2\/pages\/5043","targetHints":{"allow":["GET"]}}],"collection":[{"href":"https:\/\/bm-fotos.de\/index.php?rest_route=\/wp\/v2\/pages"}],"about":[{"href":"https:\/\/bm-fotos.de\/index.php?rest_route=\/wp\/v2\/types\/page"}],"author":[{"embeddable":true,"href":"https:\/\/bm-fotos.de\/index.php?rest_route=\/wp\/v2\/users\/2"}],"replies":[{"embeddable":true,"href":"https:\/\/bm-fotos.de\/index.php?rest_route=%2Fwp%2Fv2%2Fcomments&post=5043"}],"version-history":[{"count":4,"href":"https:\/\/bm-fotos.de\/index.php?rest_route=\/wp\/v2\/pages\/5043\/revisions"}],"predecessor-version":[{"id":5126,"href":"https:\/\/bm-fotos.de\/index.php?rest_route=\/wp\/v2\/pages\/5043\/revisions\/5126"}],"wp:attachment":[{"href":"https:\/\/bm-fotos.de\/index.php?rest_route=%2Fwp%2Fv2%2Fmedia&parent=5043"}],"curies":[{"name":"wp","href":"https:\/\/api.w.org\/{rel}","templated":true}]}}