{"id":5027,"date":"2024-11-17T16:44:39","date_gmt":"2024-11-17T14:44:39","guid":{"rendered":"https:\/\/bm-fotos.de\/?page_id=5027"},"modified":"2024-11-17T16:44:39","modified_gmt":"2024-11-17T14:44:39","slug":"artikel-2023","status":"publish","type":"page","link":"https:\/\/bm-fotos.de\/?page_id=5027","title":{"rendered":"Artikel 2023"},"content":{"rendered":"<p><strong>Artikel vom 03.12.2023 im EL Kurier<\/strong><\/p>\n\n\n<figure class=\"wp-block-image size-large\"><img loading=\"lazy\" decoding=\"async\" width=\"1024\" height=\"683\" src=\"https:\/\/bm-fotos.de\/wp-content\/uploads\/2024\/11\/864A4429-1024x683.jpg\" alt=\"Der Song &quot;ELA&quot; will hinaus in die Welt. Erster eigener Song von Kara Musmann bei Youtube ver\u00f6ffentlicht.   Kara Musmann (links) und ihre Nichte Emily bei der Vernissage im Kino Meppen, wo sie den Song ELA das erste Mal live einem Publikum pr\u00e4sentierten.\" class=\"wp-image-5028\" srcset=\"https:\/\/bm-fotos.de\/wp-content\/uploads\/2024\/11\/864A4429-1024x683.jpg 1024w, https:\/\/bm-fotos.de\/wp-content\/uploads\/2024\/11\/864A4429-450x300.jpg 450w, https:\/\/bm-fotos.de\/wp-content\/uploads\/2024\/11\/864A4429-768x512.jpg 768w, https:\/\/bm-fotos.de\/wp-content\/uploads\/2024\/11\/864A4429-1536x1024.jpg 1536w, https:\/\/bm-fotos.de\/wp-content\/uploads\/2024\/11\/864A4429-2048x1365.jpg 2048w\" sizes=\"auto, (max-width: 1024px) 100vw, 1024px\" \/><\/figure>\n\n\n<p>Der Song &#8222;ELA&#8220; will hinaus in die Welt. Erster eigener Song von Kara Musmann bei Youtube ver\u00f6ffentlicht. Kara Musmann (links) und ihre Nichte Emily bei der Vernissage im Kino Meppen, wo sie den Song ELA das erste Mal live einem Publikum pr\u00e4sentierten.<\/p>\n\n\n<figure class=\"wp-block-image size-large\"><img loading=\"lazy\" decoding=\"async\" width=\"1024\" height=\"683\" src=\"https:\/\/bm-fotos.de\/wp-content\/uploads\/2024\/11\/Bild4_864A4423-1024x683.jpg\" alt=\"Jeder kann die Welt ein bisschen verbessern.\nVernissage zu Ehren Thea Mucklis im Kino Meppen. Alle Beteiligten stie\u00dfen auf die erfolgreiche Veranstaltung an (von links nach rechts): Sonja Rolfes vom Tierschutzverein Lingen und Umgebung e.V., Tobias Kemper und Helmut Feldhaus von der Tierrettung Emsland e.V., Annelene Ewers von dem Krebsfonds Ludmillenstift Meppen, S\u00e4ngerin Emily, Gerd Bruns von der Tierrettung Emsland e.V., S\u00e4ngerin Kara M., Astrid Muckli vom Verein Leben ohne Lepra und die Organisatorin Margret Koers.\n\" class=\"wp-image-5029\" srcset=\"https:\/\/bm-fotos.de\/wp-content\/uploads\/2024\/11\/Bild4_864A4423-1024x683.jpg 1024w, https:\/\/bm-fotos.de\/wp-content\/uploads\/2024\/11\/Bild4_864A4423-450x300.jpg 450w, https:\/\/bm-fotos.de\/wp-content\/uploads\/2024\/11\/Bild4_864A4423-768x512.jpg 768w, https:\/\/bm-fotos.de\/wp-content\/uploads\/2024\/11\/Bild4_864A4423-1536x1024.jpg 1536w, https:\/\/bm-fotos.de\/wp-content\/uploads\/2024\/11\/Bild4_864A4423-2048x1365.jpg 2048w\" sizes=\"auto, (max-width: 1024px) 100vw, 1024px\" \/><\/figure>\n\n\n<p>Jeder kann die Welt ein bisschen verbessern.<br \/>Vernissage zu Ehren Thea Mucklis im Kino Meppen. Alle Beteiligten stie\u00dfen auf die erfolgreiche Veranstaltung an (von links nach rechts): Sonja Rolfes vom Tierschutzverein Lingen und Umgebung e.V., Tobias Kemper und Helmut Feldhaus von der Tierrettung Emsland e.V., Annelene Ewers von dem Krebsfonds Ludmillenstift Meppen, S\u00e4ngerin Emily, Gerd Bruns von der Tierrettung Emsland e.V., S\u00e4ngerin Kara M., Astrid Muckli vom Verein Leben ohne Lepra und die Organisatorin Margret Koers.<\/p>\n\n\n<figure class=\"wp-block-image size-large\"><img loading=\"lazy\" decoding=\"async\" width=\"1024\" height=\"688\" src=\"https:\/\/bm-fotos.de\/wp-content\/uploads\/2024\/11\/7__864A4403-1024x688.jpg\" alt=\"Weihnachtszauber und Lichterglanz.\nDas Lichterfest von Daniela Menke war ein voller Erfolg.\nAuf dem Gruppenfoto mit den beteiligten K\u00fcnstlern bei dem diesj\u00e4hrigen Lichterfest (von links nach rechts): Daniel Hinterberger, Thomas A. Gruber, Beate von D\u00fclmen, Stephan Schl\u00f6gl, Daniela Menke und Benjamin Grund, strahlten alle aufgrund der tollen Veranstaltung und des gro\u00dfen Erfolgs um die Wette.\n\" class=\"wp-image-5031\" srcset=\"https:\/\/bm-fotos.de\/wp-content\/uploads\/2024\/11\/7__864A4403-1024x688.jpg 1024w, https:\/\/bm-fotos.de\/wp-content\/uploads\/2024\/11\/7__864A4403-450x302.jpg 450w, https:\/\/bm-fotos.de\/wp-content\/uploads\/2024\/11\/7__864A4403-768x516.jpg 768w, https:\/\/bm-fotos.de\/wp-content\/uploads\/2024\/11\/7__864A4403-1536x1031.jpg 1536w, https:\/\/bm-fotos.de\/wp-content\/uploads\/2024\/11\/7__864A4403-2048x1375.jpg 2048w\" sizes=\"auto, (max-width: 1024px) 100vw, 1024px\" \/><\/figure>\n\n\n<p>Weihnachtszauber und Lichterglanz.<br \/>Das Lichterfest von Daniela Menke war ein voller Erfolg.<br \/>Auf dem Gruppenfoto mit den beteiligten K\u00fcnstlern bei dem diesj\u00e4hrigen Lichterfest (von links nach rechts): Daniel Hinterberger, Thomas A. Gruber, Beate von D\u00fclmen, Stephan Schl\u00f6gl, Daniela Menke und Benjamin Grund, strahlten alle aufgrund der tollen Veranstaltung und des gro\u00dfen Erfolgs um die Wette.<\/p>","protected":false},"excerpt":{"rendered":"<p>Artikel vom 03.12.2023 im EL Kurier Der Song &#8222;ELA&#8220; will hinaus in die Welt. Erster eigener Song von Kara Musmann bei Youtube ver\u00f6ffentlicht. Kara Musmann (links) und ihre Nichte Emily bei der Vernissage im Kino Meppen, wo sie den Song ELA das erste Mal live einem Publikum pr\u00e4sentierten. Jeder kann die Welt ein bisschen verbessern.Vernissage &hellip; <a href=\"https:\/\/bm-fotos.de\/?page_id=5027\" class=\"more-link\"><span class=\"screen-reader-text\">Artikel 2023<\/span> weiterlesen <span class=\"meta-nav\">&rarr;<\/span><\/a><\/p>\n","protected":false},"author":2,"featured_media":0,"parent":0,"menu_order":0,"comment_status":"closed","ping_status":"closed","template":"","meta":{"footnotes":""},"class_list":["post-5027","page","type-page","status-publish","hentry"],"_links":{"self":[{"href":"https:\/\/bm-fotos.de\/index.php?rest_route=\/wp\/v2\/pages\/5027","targetHints":{"allow":["GET"]}}],"collection":[{"href":"https:\/\/bm-fotos.de\/index.php?rest_route=\/wp\/v2\/pages"}],"about":[{"href":"https:\/\/bm-fotos.de\/index.php?rest_route=\/wp\/v2\/types\/page"}],"author":[{"embeddable":true,"href":"https:\/\/bm-fotos.de\/index.php?rest_route=\/wp\/v2\/users\/2"}],"replies":[{"embeddable":true,"href":"https:\/\/bm-fotos.de\/index.php?rest_route=%2Fwp%2Fv2%2Fcomments&post=5027"}],"version-history":[{"count":1,"href":"https:\/\/bm-fotos.de\/index.php?rest_route=\/wp\/v2\/pages\/5027\/revisions"}],"predecessor-version":[{"id":5037,"href":"https:\/\/bm-fotos.de\/index.php?rest_route=\/wp\/v2\/pages\/5027\/revisions\/5037"}],"wp:attachment":[{"href":"https:\/\/bm-fotos.de\/index.php?rest_route=%2Fwp%2Fv2%2Fmedia&parent=5027"}],"curies":[{"name":"wp","href":"https:\/\/api.w.org\/{rel}","templated":true}]}}