{"id":4934,"date":"2024-11-06T21:25:56","date_gmt":"2024-11-06T19:25:56","guid":{"rendered":"https:\/\/bm-fotos.de\/?page_id=4934"},"modified":"2025-05-02T23:10:54","modified_gmt":"2025-05-02T21:10:54","slug":"buch-rezensionen","status":"publish","type":"page","link":"https:\/\/bm-fotos.de\/?page_id=4934","title":{"rendered":"Rezension zum Buch &#8222;Gegenspieler&#8220; von Arno Strobel und Ingo Bott"},"content":{"rendered":"\n<p><\/p>\n\n\n\n<p><\/p>\n\n\n\n<h2 class=\"wp-block-heading has-text-align-center\"><strong>&#8222;Gegenspieler&#8220; <\/strong><\/h2>\n\n\n\n<p class=\"has-text-align-center\"><strong>von Arno Strobel und Ingo Bott<\/strong><\/p>\n\n\n\n<p class=\"has-text-align-center\"><\/p>\n\n\n\n<div class=\"wp-block-group\"><div class=\"wp-block-group__inner-container is-layout-constrained wp-block-group-is-layout-constrained\">\n<p>&nbsp;<\/p>\n<p><strong>Sehr viel Spannung, ein bisschen Spa\u00df und noch mehr Eitelkeiten<\/strong><\/p>\n<p>In ihrem Gemeinschaftswerk \u201eGegenspieler\u201c lassen die beiden Autoren Arno Strobel und Ingo Bott ihre beiden Protagonisten Max Bischoff und Anton Pirlo gemeinsam ermitteln. Dieser Thriller wurde am 16.10.2024 vom Fischer Verlag herausgegeben und hat 414 Seiten.<\/p>\n<p>Sophie: \u201eHerzlichen Gl\u00fcckwunsch, du (Max) hast jetzt Pirlos Nummer. Ihm habe ich \u00fcbrigens auch deine geschickt. Macht eure Befindlichkeiten unter euch aus. Rei\u00dft euch zusammen. Und dann meldet euch, damit wir besprechen k\u00f6nnen, wie wir weiter vorgehen.\u201c<\/p>\n<p>Leichter gesagt als getan \u2013 zumindest f\u00fcr Max Bischoff und Anton Pirlo.<\/p>\n<p>Arno Strobel und Ingo Bott lassen in ihrem Werk zwei Spieler gegeneinander antreten, wie sie unterschiedlicher nicht sein k\u00f6nnten. \u00a0Max Bischoff setzt als Fallanalytiker und Ermittler \u201eauf Sachlichkeit und Ruhe\u201c, Anton Pirlo als Strafverteidiger demgegen\u00fcber auf \u201eAnarchie und Chaos\u201c. Seine Kanzleipartnerin Sophie Mahler muss hingegen neben den \u201ePlatzhirsch-Eitelkeiten\u201c auch noch zusehen, wie ihre Welt aus den Fugen ger\u00e4t. Zur \u00dcberraschung aller zieht das von der Kanzlei ihres Vaters entwickelte TaxEx-Steuersparmodell weitere Kreise als vermutet. Bischoff und Pirlo sehen sich pl\u00f6tzlich nicht nur einer fortw\u00e4hrenden Bedrohung, sondern auch einigen Leichen, einer auf die Probe gestellten Freundschaft, einer Inhaftierung und zu guter Letzt auch noch einer Entf\u00fchrung gegen\u00fcber, die am Ende in einem gewaltigen Showdown m\u00fcndet.<\/p>\n<p>Die 52 Kapitel sowie auch der Epilog stehen jeweils abwechselnd f\u00fcr eine der drei Hauptfiguren. In den \u00fcbergeordneten Kapiteln I bis VII kommt der T\u00e4ter zu Wort.<\/p>\n<p>Obwohl (oder vielleicht auch gerade weil) diese Wechsel stattfinden, hat mir das Buch sehr gefallen. Auf diese Weise wird die Sicht- und Denkweise der in den einzelnen Kapiteln im\u00a0 Vordergrund stehenden Figur hervorgehoben. Auch wenn Steuermodelle grunds\u00e4tzlich immer als schwierig gelten, konnte ich der Thematik gut folgen. Ich finde das Buch sehr spannend und es hat mich vom ersten Moment gepackt. Mit Sophie, die starke und auch schwache Momente inmitten der \u201ePlatzhirsch-Eitelkeiten\u201c zeigt, habe ich so manches Mal mitgef\u00fchlt. Die wohl dosierten Lacher sorgen zudem f\u00fcr einigen Spa\u00df.<\/p>\n<p>Absolut begeistert bin ich vom Schreibstil der beiden Autoren. Dieses Werk ist in einem sehr pr\u00e4zisen, ausdrucksstarken und verst\u00e4ndlichen Schreibstil verfasst. Die S\u00e4tze sind dabei kurz und einpr\u00e4gsam. Daf\u00fcr, dass Arno Strobel nur \u201edurch Zufall\u201c zum Schreiben gekommen ist und Ingo Bott \u201eaus Leidenschaft\u201c B\u00fccher verfasst, verstehen beide ihr Handwerk sehr gut.<\/p>\n<p>So wundert es auch nicht, dass Fragen nach dem Verbleib eines kleinen goldenen Elefanten und nach den n\u00e4chsten gemeinsamen Abenteuern offen bleiben \u2013 und damit erfolgreich die Neugier auf mehr sch\u00fcren.<\/p>\n<p>Dieses Werk ist meiner Meinung nach ein Muss f\u00fcr alle Krimi- und Thriller-Fans und ebenso f\u00fcr solche, die es werden wollen.\u00a0<\/p>\n\n\n\n<p><\/p>\n<\/div><\/div>\n\n\n<p>&nbsp;<\/p>\n<p style=\"text-align: right;\"><strong>Serviceangaben<\/strong><\/p>\n<p style=\"text-align: right;\"><strong>Autoren<\/strong>: Arno Strobel und Ingo Bott<\/p>\n<p style=\"text-align: right;\"><strong>Buchtitel<\/strong>: \u201eGegenspieler\u201c<\/p>\n<p style=\"text-align: right;\"><strong>Erscheinungsjahr<\/strong>: 16. Oktober 2024<\/p>\n<p style=\"text-align: right;\"><strong>Verlag<\/strong>: Fischer<\/p>\n<p style=\"text-align: right;\"><strong>Preis<\/strong>: 18,00 \u20ac<\/p>","protected":false},"excerpt":{"rendered":"<p>&#8222;Gegenspieler&#8220; von Arno Strobel und Ingo Bott &nbsp; Sehr viel Spannung, ein bisschen Spa\u00df und noch mehr Eitelkeiten In ihrem Gemeinschaftswerk \u201eGegenspieler\u201c lassen die beiden Autoren Arno Strobel und Ingo Bott ihre beiden Protagonisten Max Bischoff und Anton Pirlo gemeinsam ermitteln. Dieser Thriller wurde am 16.10.2024 vom Fischer Verlag herausgegeben und hat 414 Seiten. Sophie: &hellip; <a href=\"https:\/\/bm-fotos.de\/?page_id=4934\" class=\"more-link\"><span class=\"screen-reader-text\">Rezension zum Buch &#8222;Gegenspieler&#8220; von Arno Strobel und Ingo Bott<\/span> weiterlesen <span class=\"meta-nav\">&rarr;<\/span><\/a><\/p>\n","protected":false},"author":2,"featured_media":0,"parent":0,"menu_order":0,"comment_status":"closed","ping_status":"closed","template":"","meta":{"footnotes":""},"class_list":["post-4934","page","type-page","status-publish","hentry"],"_links":{"self":[{"href":"https:\/\/bm-fotos.de\/index.php?rest_route=\/wp\/v2\/pages\/4934","targetHints":{"allow":["GET"]}}],"collection":[{"href":"https:\/\/bm-fotos.de\/index.php?rest_route=\/wp\/v2\/pages"}],"about":[{"href":"https:\/\/bm-fotos.de\/index.php?rest_route=\/wp\/v2\/types\/page"}],"author":[{"embeddable":true,"href":"https:\/\/bm-fotos.de\/index.php?rest_route=\/wp\/v2\/users\/2"}],"replies":[{"embeddable":true,"href":"https:\/\/bm-fotos.de\/index.php?rest_route=%2Fwp%2Fv2%2Fcomments&post=4934"}],"version-history":[{"count":8,"href":"https:\/\/bm-fotos.de\/index.php?rest_route=\/wp\/v2\/pages\/4934\/revisions"}],"predecessor-version":[{"id":5128,"href":"https:\/\/bm-fotos.de\/index.php?rest_route=\/wp\/v2\/pages\/4934\/revisions\/5128"}],"wp:attachment":[{"href":"https:\/\/bm-fotos.de\/index.php?rest_route=%2Fwp%2Fv2%2Fmedia&parent=4934"}],"curies":[{"name":"wp","href":"https:\/\/api.w.org\/{rel}","templated":true}]}}